{"id":14,"date":"2007-02-19T22:11:07","date_gmt":"2007-02-19T21:11:07","guid":{"rendered":"http:\/\/florianhaas.net\/blog\/impressum\/"},"modified":"2019-02-11T12:52:35","modified_gmt":"2019-02-11T11:52:35","slug":"impressum","status":"publish","type":"page","link":"https:\/\/floriantischner.net\/blog\/impressum\/","title":{"rendered":"Impressum\/Contact"},"content":{"rendered":"<p><strong>Dieses Weblog ist ein publizistisches Angebot von:<\/strong><\/p>\n<p>Florian Tischner<\/p>\n<p>Frankensteiner Stra\u00dfe . 154e<br \/>\n64297 Darmstadt-Eberstadt<br \/>\n+49 151\u00a075067791<br \/>\nmail \u00e4t floriantischner punkt net<\/p>\n<p><strong>Verantwortliche im Sinne von \u00a7 10 MDStV:<\/strong><\/p>\n<p>Florian Tischner<\/p>\n<p>Frankensteiner Stra\u00dfe . 154e<br \/>\n64297 Darmstadt-Eberstadt<br \/>\nmail \u00e4t floriantischner punkt net<\/p>\n<p>Die Inhalte dieses Weblogs stellen ausschlie\u00dflich die pers\u00f6nliche Meinung des jeweiligen Autors dar.<\/p>\n<p>Die Inhalte dieses Weblogs unterliegen dem Urheberrecht. Eine Verbreitung der Inhalte, die \u00fcber das gesetzlich Zul\u00e4ssige (z.B. Zitate) hinausgeht, bedarf der vorherigen Zustimmung. Dies gilt uneingeschr\u00e4nkt auch f\u00fcr die RSS-Feeds.<\/p>\n<p><strong>Verschl\u00fcsselte Kommunikation<\/strong><\/p>\n<p>Die bevorzugte Art und Weise, mich zu erreichen, ist eine mit <a href=\"http:\/\/de.wikipedia.org\/wiki\/OpenPGP\">OpenPGP<\/a> verschl\u00fcsselte Nachricht.<\/p>\n<p>Meine Key-ID ist\u00a00x742636D1, Fingerprint ist\u00a0A69E EAAC E7A9 AE99 4AEF 305A 86BF EB52 7426 36D1.\u00a0Die gr\u00f6\u00dferen Keyserver sollten meinen Schl\u00fcssel besitzen. Ansonsten k\u00f6nnen sie einfach\u00a0<a href=\"http:\/\/floriantischner.net\/~alphager\/Florian%20Tischner%20mail@floriantischner.net%20(0x742636D1)%20pub.asc\">diesen hier<\/a>\u00a0benutzen.<\/p>\n","protected":false},"excerpt":{"rendered":"<p>Dieses Weblog ist ein publizistisches Angebot von: Florian Tischner Frankensteiner Stra\u00dfe . 154e 64297 Darmstadt-Eberstadt +49 151\u00a075067791 mail \u00e4t floriantischner punkt net Verantwortliche im Sinne von \u00a7 10 MDStV: Florian Tischner Frankensteiner Stra\u00dfe . 154e 64297 Darmstadt-Eberstadt mail \u00e4t floriantischner punkt net Die Inhalte dieses Weblogs stellen ausschlie\u00dflich die pers\u00f6nliche Meinung des jeweiligen Autors dar. [&hellip;]<\/p>\n","protected":false},"author":2,"featured_media":0,"parent":0,"menu_order":0,"comment_status":"open","ping_status":"open","template":"","meta":{"footnotes":""},"class_list":["post-14","page","type-page","status-publish","hentry"],"_links":{"self":[{"href":"https:\/\/floriantischner.net\/blog\/wp-json\/wp\/v2\/pages\/14","targetHints":{"allow":["GET"]}}],"collection":[{"href":"https:\/\/floriantischner.net\/blog\/wp-json\/wp\/v2\/pages"}],"about":[{"href":"https:\/\/floriantischner.net\/blog\/wp-json\/wp\/v2\/types\/page"}],"author":[{"embeddable":true,"href":"https:\/\/floriantischner.net\/blog\/wp-json\/wp\/v2\/users\/2"}],"replies":[{"embeddable":true,"href":"https:\/\/floriantischner.net\/blog\/wp-json\/wp\/v2\/comments?post=14"}],"version-history":[{"count":12,"href":"https:\/\/floriantischner.net\/blog\/wp-json\/wp\/v2\/pages\/14\/revisions"}],"predecessor-version":[{"id":380,"href":"https:\/\/floriantischner.net\/blog\/wp-json\/wp\/v2\/pages\/14\/revisions\/380"}],"wp:attachment":[{"href":"https:\/\/floriantischner.net\/blog\/wp-json\/wp\/v2\/media?parent=14"}],"curies":[{"name":"wp","href":"https:\/\/api.w.org\/{rel}","templated":true}]}}