{"id":25,"date":"2007-05-08T22:12:04","date_gmt":"2007-05-08T20:12:04","guid":{"rendered":"http:\/\/florianhaas.net\/blog\/erfahrungen-mit-manitu-mein-hoster\/"},"modified":"2007-05-12T15:44:33","modified_gmt":"2007-05-12T13:44:33","slug":"erfahrungen-mit-manitu-mein-hoster","status":"publish","type":"page","link":"https:\/\/floriantischner.net\/blog\/erfahrungen-mit-manitu-mein-hoster\/","title":{"rendered":"Erfahrungen mit manitu"},"content":{"rendered":"<p>Dieser Blog und mein Mailserver, SVN-Server, VPN-Endknoten, etc. laufen  auf einem Root-Server  der Firma <a target=\"_blank\" title=\"Manitu - Menschlich. Einfach. Besser.\" href=\"http:\/\/www.manitu.de\/\">manitu<\/a>, einem kleinen (oder schon mittleren?) Unternehmen in der N\u00e4he von Saarbr\u00fccken. Ich habe bei denen den g\u00fcnstigen Rootserver M.<\/p>\n<p>Ich muss sagen: Ich bin von der Firma begeistert.<\/p>\n<p>Das Besondere an manitu sind weder die Preise (obwohl die Preise nicht schlecht sind; im Gegenteil!) noch die Hardware-Austattung (auch hier ist manitu nicht schlecht), sondern der Service: Wann immer ich im letzten halben Jahr Kontakt mit manitu hatte, war ich von der Freundlichkeit \u00fcberrascht. Ich bin als Kunde nicht nur eine Zahl, sondern ein Mensch mit Namen, dessen W\u00fcnsche es zu erf\u00fcllen gilt.<\/p>\n<p>Die Menschlichkeit hat nicht nur psychische Vorteile: Ich habe es bereits zweimal geschafft, dass der Server nicht mehr reagiert und ein Techniker &#8216;ran musste. Beide Male selbstverst\u00e4ndlich an einem Wochenende. F\u00fcr solche F\u00e4lle habe ich (wohl bemerkt: als Feld-, Wald- und Wiesenkunde ohne besonderen SLA) eine tolle Notfallnummer, an deren Ende ein echter Mensch sitzt (und ein Webformular, auf dem ich einen R\u00fcckruf ordern kann, der auch tats\u00e4chlich zeitnah kommt). Beide Male hatte ich den <a target=\"_blank\" title=\"Hostblogger\" href=\"http:\/\/www.hostblogger.de\/\">Chef<\/a> pers\u00f6nlich an der Strippe, der selbst Samstagsabends noch gut gelaunt meine Fehler behebt (Vielen Dank, Manuel!). Ganz nebenbei erz\u00e4hlte er mir auch davon, was demn\u00e4chst noch an Features zum Hosting-Angebot dazukommen und wieso er kein Problem damit hat, Samstags Bereitschaft zu haben. Einen solchen Kontakt kann man mit einer der gro\u00dfen Firmen einfach nicht haben.<\/p>\n<p>Ich kann Jedem, dessen Bed\u00fcrfnisse durch eines der manitu-Angebote gedeckt werden, nur w\u00e4rmstens empfehlen, manitu zu testen.<\/p>\n<p>Na gut, Kritik habe ich selbstverst\u00e4ndlich auch: <strike>Trotz des Slogans &#8220;Menschlich. Einfach. Besser.&#8221; sind auf der Homepage keine Bilder+Namen vom Team zu sehen!<\/strike> Wieder ein Beispiel der genialen Kommunikation:<\/p>\n<blockquote>\n<pre>danke f\u00fcr den Tipp <span class=\"moz-smiley-s1\"> :-) <\/span> Auf die neuen Webseite, die intern gerade in\r\nPlanung ist, kommt das drauf <span class=\"moz-smiley-s1\"> :-) <\/span><\/pre>\n<\/blockquote>\n","protected":false},"excerpt":{"rendered":"<p>Dieser Blog und mein Mailserver, SVN-Server, VPN-Endknoten, etc. laufen auf einem Root-Server der Firma manitu, einem kleinen (oder schon mittleren?) Unternehmen in der N\u00e4he von Saarbr\u00fccken. Ich habe bei denen den g\u00fcnstigen Rootserver M. Ich muss sagen: Ich bin von der Firma begeistert. Das Besondere an manitu sind weder die Preise (obwohl die Preise nicht [&hellip;]<\/p>\n","protected":false},"author":2,"featured_media":0,"parent":0,"menu_order":0,"comment_status":"open","ping_status":"open","template":"","meta":{"footnotes":""},"class_list":["post-25","page","type-page","status-publish","hentry"],"_links":{"self":[{"href":"https:\/\/floriantischner.net\/blog\/wp-json\/wp\/v2\/pages\/25","targetHints":{"allow":["GET"]}}],"collection":[{"href":"https:\/\/floriantischner.net\/blog\/wp-json\/wp\/v2\/pages"}],"about":[{"href":"https:\/\/floriantischner.net\/blog\/wp-json\/wp\/v2\/types\/page"}],"author":[{"embeddable":true,"href":"https:\/\/floriantischner.net\/blog\/wp-json\/wp\/v2\/users\/2"}],"replies":[{"embeddable":true,"href":"https:\/\/floriantischner.net\/blog\/wp-json\/wp\/v2\/comments?post=25"}],"version-history":[{"count":0,"href":"https:\/\/floriantischner.net\/blog\/wp-json\/wp\/v2\/pages\/25\/revisions"}],"wp:attachment":[{"href":"https:\/\/floriantischner.net\/blog\/wp-json\/wp\/v2\/media?parent=25"}],"curies":[{"name":"wp","href":"https:\/\/api.w.org\/{rel}","templated":true}]}}